{"id":17065,"date":"2026-03-25T12:15:32","date_gmt":"2026-03-25T11:15:32","guid":{"rendered":"https:\/\/monaco-securite.mc\/?page_id=17065"},"modified":"2026-03-25T15:02:15","modified_gmt":"2026-03-25T14:02:15","slug":"enhanced-security-solutions","status":"publish","type":"page","link":"https:\/\/monaco-securite.mc\/en\/protection\/enhanced-security-solutions\/","title":{"rendered":"Enhanced Security Solutions"},"content":{"rendered":"","protected":false},"excerpt":{"rendered":"","protected":false},"author":4,"featured_media":0,"parent":1442,"menu_order":4,"comment_status":"closed","ping_status":"closed","template":"","meta":{"_acf_changed":false,"footnotes":""},"class_list":["post-17065","page","type-page","status-publish","hentry"],"acf":[],"yoast_head":"<!-- This site is optimized with the Yoast SEO plugin v27.2 - https:\/\/yoast.com\/product\/yoast-seo-wordpress\/ -->\n<title>Enhanced Security Solutions - Monaco S\u00e9curit\u00e9 Priv\u00e9e<\/title>\n<meta name=\"robots\" content=\"index, follow, max-snippet:-1, max-image-preview:large, max-video-preview:-1\" \/>\n<link rel=\"canonical\" href=\"https:\/\/monaco-securite.mc\/en\/protection\/enhanced-security-solutions\/\" \/>\n<meta property=\"og:locale\" content=\"en_US\" \/>\n<meta property=\"og:type\" content=\"article\" \/>\n<meta property=\"og:title\" content=\"Enhanced Security Solutions - Monaco S\u00e9curit\u00e9 Priv\u00e9e\" \/>\n<meta property=\"og:url\" content=\"https:\/\/monaco-securite.mc\/en\/protection\/enhanced-security-solutions\/\" \/>\n<meta property=\"og:site_name\" content=\"Monaco S\u00e9curit\u00e9 Priv\u00e9e\" \/>\n<meta property=\"article:modified_time\" content=\"2026-03-25T14:02:15+00:00\" \/>\n<meta name=\"twitter:card\" content=\"summary_large_image\" \/>\n<script type=\"application\/ld+json\" class=\"yoast-schema-graph\">{\"@context\":\"https:\/\/schema.org\",\"@graph\":[{\"@type\":\"WebPage\",\"@id\":\"https:\/\/monaco-securite.mc\/en\/protection\/enhanced-security-solutions\/\",\"url\":\"https:\/\/monaco-securite.mc\/en\/protection\/enhanced-security-solutions\/\",\"name\":\"Enhanced Security Solutions - Monaco S\u00e9curit\u00e9 Priv\u00e9e\",\"isPartOf\":{\"@id\":\"https:\/\/monaco-securite.mc\/#website\"},\"datePublished\":\"2026-03-25T11:15:32+00:00\",\"dateModified\":\"2026-03-25T14:02:15+00:00\",\"breadcrumb\":{\"@id\":\"https:\/\/monaco-securite.mc\/en\/protection\/enhanced-security-solutions\/#breadcrumb\"},\"inLanguage\":\"en-US\",\"potentialAction\":[{\"@type\":\"ReadAction\",\"target\":[\"https:\/\/monaco-securite.mc\/en\/protection\/enhanced-security-solutions\/\"]}]},{\"@type\":\"BreadcrumbList\",\"@id\":\"https:\/\/monaco-securite.mc\/en\/protection\/enhanced-security-solutions\/#breadcrumb\",\"itemListElement\":[{\"@type\":\"ListItem\",\"position\":1,\"name\":\"Accueil\",\"item\":\"https:\/\/monaco-securite.mc\/en\/\"},{\"@type\":\"ListItem\",\"position\":2,\"name\":\"PROTECTION\",\"item\":\"https:\/\/monaco-securite.mc\/en\/protection\/\"},{\"@type\":\"ListItem\",\"position\":3,\"name\":\"Enhanced Security Solutions\"}]},{\"@type\":\"WebSite\",\"@id\":\"https:\/\/monaco-securite.mc\/#website\",\"url\":\"https:\/\/monaco-securite.mc\/\",\"name\":\"Monaco S\u00e9curit\u00e9 Priv\u00e9e\",\"description\":\"Votre s\u00e9curit\u00e9, notre priorit\u00e9\",\"potentialAction\":[{\"@type\":\"SearchAction\",\"target\":{\"@type\":\"EntryPoint\",\"urlTemplate\":\"https:\/\/monaco-securite.mc\/?s={search_term_string}\"},\"query-input\":{\"@type\":\"PropertyValueSpecification\",\"valueRequired\":true,\"valueName\":\"search_term_string\"}}],\"inLanguage\":\"en-US\"}]}<\/script>\n<!-- \/ Yoast SEO plugin. -->","yoast_head_json":{"title":"Enhanced Security Solutions - Monaco S\u00e9curit\u00e9 Priv\u00e9e","robots":{"index":"index","follow":"follow","max-snippet":"max-snippet:-1","max-image-preview":"max-image-preview:large","max-video-preview":"max-video-preview:-1"},"canonical":"https:\/\/monaco-securite.mc\/en\/protection\/enhanced-security-solutions\/","og_locale":"en_US","og_type":"article","og_title":"Enhanced Security Solutions - Monaco S\u00e9curit\u00e9 Priv\u00e9e","og_url":"https:\/\/monaco-securite.mc\/en\/protection\/enhanced-security-solutions\/","og_site_name":"Monaco S\u00e9curit\u00e9 Priv\u00e9e","article_modified_time":"2026-03-25T14:02:15+00:00","twitter_card":"summary_large_image","schema":{"@context":"https:\/\/schema.org","@graph":[{"@type":"WebPage","@id":"https:\/\/monaco-securite.mc\/en\/protection\/enhanced-security-solutions\/","url":"https:\/\/monaco-securite.mc\/en\/protection\/enhanced-security-solutions\/","name":"Enhanced Security Solutions - Monaco S\u00e9curit\u00e9 Priv\u00e9e","isPartOf":{"@id":"https:\/\/monaco-securite.mc\/#website"},"datePublished":"2026-03-25T11:15:32+00:00","dateModified":"2026-03-25T14:02:15+00:00","breadcrumb":{"@id":"https:\/\/monaco-securite.mc\/en\/protection\/enhanced-security-solutions\/#breadcrumb"},"inLanguage":"en-US","potentialAction":[{"@type":"ReadAction","target":["https:\/\/monaco-securite.mc\/en\/protection\/enhanced-security-solutions\/"]}]},{"@type":"BreadcrumbList","@id":"https:\/\/monaco-securite.mc\/en\/protection\/enhanced-security-solutions\/#breadcrumb","itemListElement":[{"@type":"ListItem","position":1,"name":"Accueil","item":"https:\/\/monaco-securite.mc\/en\/"},{"@type":"ListItem","position":2,"name":"PROTECTION","item":"https:\/\/monaco-securite.mc\/en\/protection\/"},{"@type":"ListItem","position":3,"name":"Enhanced Security Solutions"}]},{"@type":"WebSite","@id":"https:\/\/monaco-securite.mc\/#website","url":"https:\/\/monaco-securite.mc\/","name":"Monaco S\u00e9curit\u00e9 Priv\u00e9e","description":"Votre s\u00e9curit\u00e9, notre priorit\u00e9","potentialAction":[{"@type":"SearchAction","target":{"@type":"EntryPoint","urlTemplate":"https:\/\/monaco-securite.mc\/?s={search_term_string}"},"query-input":{"@type":"PropertyValueSpecification","valueRequired":true,"valueName":"search_term_string"}}],"inLanguage":"en-US"}]}},"_links":{"self":[{"href":"https:\/\/monaco-securite.mc\/en\/wp-json\/wp\/v2\/pages\/17065","targetHints":{"allow":["GET"]}}],"collection":[{"href":"https:\/\/monaco-securite.mc\/en\/wp-json\/wp\/v2\/pages"}],"about":[{"href":"https:\/\/monaco-securite.mc\/en\/wp-json\/wp\/v2\/types\/page"}],"author":[{"embeddable":true,"href":"https:\/\/monaco-securite.mc\/en\/wp-json\/wp\/v2\/users\/4"}],"replies":[{"embeddable":true,"href":"https:\/\/monaco-securite.mc\/en\/wp-json\/wp\/v2\/comments?post=17065"}],"version-history":[{"count":4,"href":"https:\/\/monaco-securite.mc\/en\/wp-json\/wp\/v2\/pages\/17065\/revisions"}],"predecessor-version":[{"id":17072,"href":"https:\/\/monaco-securite.mc\/en\/wp-json\/wp\/v2\/pages\/17065\/revisions\/17072"}],"up":[{"embeddable":true,"href":"https:\/\/monaco-securite.mc\/en\/wp-json\/wp\/v2\/pages\/1442"}],"wp:attachment":[{"href":"https:\/\/monaco-securite.mc\/en\/wp-json\/wp\/v2\/media?parent=17065"}],"curies":[{"name":"wp","href":"https:\/\/api.w.org\/{rel}","templated":true}]}}