{"id":1453,"date":"2019-03-07T14:12:50","date_gmt":"2019-03-07T13:12:50","guid":{"rendered":"https:\/\/monaco-securite.mc\/protection\/transport-de-fonds\/"},"modified":"2023-11-08T16:34:37","modified_gmt":"2023-11-08T15:34:37","slug":"%d0%bf%d0%b5%d1%80%d0%b5%d0%b2%d0%be%d0%b7%d0%ba%d0%b0-%d1%86%d0%b5%d0%bd%d0%bd%d0%be%d1%81%d1%82%d0%b5%d0%b9","status":"publish","type":"page","link":"https:\/\/monaco-securite.mc\/ru\/%d0%be%d1%85%d1%80%d0%b0%d0%bd%d0%b0\/%d0%bf%d0%b5%d1%80%d0%b5%d0%b2%d0%be%d0%b7%d0%ba%d0%b0-%d1%86%d0%b5%d0%bd%d0%bd%d0%be%d1%81%d1%82%d0%b5%d0%b9\/","title":{"rendered":"\u041f\u0415\u0420\u0415\u0412\u041e\u0417\u041a\u0410 \u0426\u0415\u041d\u041d\u041e\u0421\u0422\u0415\u0419"},"content":{"rendered":"","protected":false},"excerpt":{"rendered":"","protected":false},"author":1,"featured_media":0,"parent":1443,"menu_order":5,"comment_status":"closed","ping_status":"closed","template":"","meta":{"_acf_changed":false,"footnotes":""},"class_list":["post-1453","page","type-page","status-publish","hentry"],"acf":[],"yoast_head":"<!-- This site is optimized with the Yoast SEO plugin v27.2 - https:\/\/yoast.com\/product\/yoast-seo-wordpress\/ -->\n<title>\u041f\u0415\u0420\u0415\u0412\u041e\u0417\u041a\u0410 \u0426\u0415\u041d\u041d\u041e\u0421\u0422\u0415\u0419 - Monaco S\u00e9curit\u00e9 Priv\u00e9e<\/title>\n<meta name=\"robots\" content=\"index, follow, max-snippet:-1, max-image-preview:large, max-video-preview:-1\" \/>\n<link rel=\"canonical\" href=\"https:\/\/monaco-securite.mc\/ru\/\u043e\u0445\u0440\u0430\u043d\u0430\/\u043f\u0435\u0440\u0435\u0432\u043e\u0437\u043a\u0430-\u0446\u0435\u043d\u043d\u043e\u0441\u0442\u0435\u0439\/\" \/>\n<meta property=\"og:locale\" content=\"ru_RU\" \/>\n<meta property=\"og:type\" content=\"article\" \/>\n<meta property=\"og:title\" content=\"\u041f\u0415\u0420\u0415\u0412\u041e\u0417\u041a\u0410 \u0426\u0415\u041d\u041d\u041e\u0421\u0422\u0415\u0419 - Monaco S\u00e9curit\u00e9 Priv\u00e9e\" \/>\n<meta property=\"og:url\" content=\"https:\/\/monaco-securite.mc\/ru\/\u043e\u0445\u0440\u0430\u043d\u0430\/\u043f\u0435\u0440\u0435\u0432\u043e\u0437\u043a\u0430-\u0446\u0435\u043d\u043d\u043e\u0441\u0442\u0435\u0439\/\" \/>\n<meta property=\"og:site_name\" content=\"Monaco S\u00e9curit\u00e9 Priv\u00e9e\" \/>\n<meta property=\"article:modified_time\" content=\"2023-11-08T15:34:37+00:00\" \/>\n<meta name=\"twitter:card\" content=\"summary_large_image\" \/>\n<script type=\"application\/ld+json\" class=\"yoast-schema-graph\">{\"@context\":\"https:\/\/schema.org\",\"@graph\":[{\"@type\":\"WebPage\",\"@id\":\"https:\/\/monaco-securite.mc\/ru\/%d0%be%d1%85%d1%80%d0%b0%d0%bd%d0%b0\/%d0%bf%d0%b5%d1%80%d0%b5%d0%b2%d0%be%d0%b7%d0%ba%d0%b0-%d1%86%d0%b5%d0%bd%d0%bd%d0%be%d1%81%d1%82%d0%b5%d0%b9\/\",\"url\":\"https:\/\/monaco-securite.mc\/ru\/%d0%be%d1%85%d1%80%d0%b0%d0%bd%d0%b0\/%d0%bf%d0%b5%d1%80%d0%b5%d0%b2%d0%be%d0%b7%d0%ba%d0%b0-%d1%86%d0%b5%d0%bd%d0%bd%d0%be%d1%81%d1%82%d0%b5%d0%b9\/\",\"name\":\"\u041f\u0415\u0420\u0415\u0412\u041e\u0417\u041a\u0410 \u0426\u0415\u041d\u041d\u041e\u0421\u0422\u0415\u0419 - Monaco S\u00e9curit\u00e9 Priv\u00e9e\",\"isPartOf\":{\"@id\":\"https:\/\/monaco-securite.mc\/#website\"},\"datePublished\":\"2019-03-07T13:12:50+00:00\",\"dateModified\":\"2023-11-08T15:34:37+00:00\",\"breadcrumb\":{\"@id\":\"https:\/\/monaco-securite.mc\/ru\/%d0%be%d1%85%d1%80%d0%b0%d0%bd%d0%b0\/%d0%bf%d0%b5%d1%80%d0%b5%d0%b2%d0%be%d0%b7%d0%ba%d0%b0-%d1%86%d0%b5%d0%bd%d0%bd%d0%be%d1%81%d1%82%d0%b5%d0%b9\/#breadcrumb\"},\"inLanguage\":\"ru-RU\",\"potentialAction\":[{\"@type\":\"ReadAction\",\"target\":[\"https:\/\/monaco-securite.mc\/ru\/%d0%be%d1%85%d1%80%d0%b0%d0%bd%d0%b0\/%d0%bf%d0%b5%d1%80%d0%b5%d0%b2%d0%be%d0%b7%d0%ba%d0%b0-%d1%86%d0%b5%d0%bd%d0%bd%d0%be%d1%81%d1%82%d0%b5%d0%b9\/\"]}]},{\"@type\":\"BreadcrumbList\",\"@id\":\"https:\/\/monaco-securite.mc\/ru\/%d0%be%d1%85%d1%80%d0%b0%d0%bd%d0%b0\/%d0%bf%d0%b5%d1%80%d0%b5%d0%b2%d0%be%d0%b7%d0%ba%d0%b0-%d1%86%d0%b5%d0%bd%d0%bd%d0%be%d1%81%d1%82%d0%b5%d0%b9\/#breadcrumb\",\"itemListElement\":[{\"@type\":\"ListItem\",\"position\":1,\"name\":\"Accueil\",\"item\":\"https:\/\/monaco-securite.mc\/ru\/\"},{\"@type\":\"ListItem\",\"position\":2,\"name\":\"\u0417\u0410\u0429\u0418\u0422\u0410\",\"item\":\"https:\/\/monaco-securite.mc\/ru\/%d0%be%d1%85%d1%80%d0%b0%d0%bd%d0%b0\/\"},{\"@type\":\"ListItem\",\"position\":3,\"name\":\"\u041f\u0415\u0420\u0415\u0412\u041e\u0417\u041a\u0410 \u0426\u0415\u041d\u041d\u041e\u0421\u0422\u0415\u0419\"}]},{\"@type\":\"WebSite\",\"@id\":\"https:\/\/monaco-securite.mc\/#website\",\"url\":\"https:\/\/monaco-securite.mc\/\",\"name\":\"Monaco S\u00e9curit\u00e9 Priv\u00e9e\",\"description\":\"Votre s\u00e9curit\u00e9, notre priorit\u00e9\",\"potentialAction\":[{\"@type\":\"SearchAction\",\"target\":{\"@type\":\"EntryPoint\",\"urlTemplate\":\"https:\/\/monaco-securite.mc\/?s={search_term_string}\"},\"query-input\":{\"@type\":\"PropertyValueSpecification\",\"valueRequired\":true,\"valueName\":\"search_term_string\"}}],\"inLanguage\":\"ru-RU\"}]}<\/script>\n<!-- \/ Yoast SEO plugin. -->","yoast_head_json":{"title":"\u041f\u0415\u0420\u0415\u0412\u041e\u0417\u041a\u0410 \u0426\u0415\u041d\u041d\u041e\u0421\u0422\u0415\u0419 - Monaco S\u00e9curit\u00e9 Priv\u00e9e","robots":{"index":"index","follow":"follow","max-snippet":"max-snippet:-1","max-image-preview":"max-image-preview:large","max-video-preview":"max-video-preview:-1"},"canonical":"https:\/\/monaco-securite.mc\/ru\/\u043e\u0445\u0440\u0430\u043d\u0430\/\u043f\u0435\u0440\u0435\u0432\u043e\u0437\u043a\u0430-\u0446\u0435\u043d\u043d\u043e\u0441\u0442\u0435\u0439\/","og_locale":"ru_RU","og_type":"article","og_title":"\u041f\u0415\u0420\u0415\u0412\u041e\u0417\u041a\u0410 \u0426\u0415\u041d\u041d\u041e\u0421\u0422\u0415\u0419 - Monaco S\u00e9curit\u00e9 Priv\u00e9e","og_url":"https:\/\/monaco-securite.mc\/ru\/\u043e\u0445\u0440\u0430\u043d\u0430\/\u043f\u0435\u0440\u0435\u0432\u043e\u0437\u043a\u0430-\u0446\u0435\u043d\u043d\u043e\u0441\u0442\u0435\u0439\/","og_site_name":"Monaco S\u00e9curit\u00e9 Priv\u00e9e","article_modified_time":"2023-11-08T15:34:37+00:00","twitter_card":"summary_large_image","schema":{"@context":"https:\/\/schema.org","@graph":[{"@type":"WebPage","@id":"https:\/\/monaco-securite.mc\/ru\/%d0%be%d1%85%d1%80%d0%b0%d0%bd%d0%b0\/%d0%bf%d0%b5%d1%80%d0%b5%d0%b2%d0%be%d0%b7%d0%ba%d0%b0-%d1%86%d0%b5%d0%bd%d0%bd%d0%be%d1%81%d1%82%d0%b5%d0%b9\/","url":"https:\/\/monaco-securite.mc\/ru\/%d0%be%d1%85%d1%80%d0%b0%d0%bd%d0%b0\/%d0%bf%d0%b5%d1%80%d0%b5%d0%b2%d0%be%d0%b7%d0%ba%d0%b0-%d1%86%d0%b5%d0%bd%d0%bd%d0%be%d1%81%d1%82%d0%b5%d0%b9\/","name":"\u041f\u0415\u0420\u0415\u0412\u041e\u0417\u041a\u0410 \u0426\u0415\u041d\u041d\u041e\u0421\u0422\u0415\u0419 - Monaco S\u00e9curit\u00e9 Priv\u00e9e","isPartOf":{"@id":"https:\/\/monaco-securite.mc\/#website"},"datePublished":"2019-03-07T13:12:50+00:00","dateModified":"2023-11-08T15:34:37+00:00","breadcrumb":{"@id":"https:\/\/monaco-securite.mc\/ru\/%d0%be%d1%85%d1%80%d0%b0%d0%bd%d0%b0\/%d0%bf%d0%b5%d1%80%d0%b5%d0%b2%d0%be%d0%b7%d0%ba%d0%b0-%d1%86%d0%b5%d0%bd%d0%bd%d0%be%d1%81%d1%82%d0%b5%d0%b9\/#breadcrumb"},"inLanguage":"ru-RU","potentialAction":[{"@type":"ReadAction","target":["https:\/\/monaco-securite.mc\/ru\/%d0%be%d1%85%d1%80%d0%b0%d0%bd%d0%b0\/%d0%bf%d0%b5%d1%80%d0%b5%d0%b2%d0%be%d0%b7%d0%ba%d0%b0-%d1%86%d0%b5%d0%bd%d0%bd%d0%be%d1%81%d1%82%d0%b5%d0%b9\/"]}]},{"@type":"BreadcrumbList","@id":"https:\/\/monaco-securite.mc\/ru\/%d0%be%d1%85%d1%80%d0%b0%d0%bd%d0%b0\/%d0%bf%d0%b5%d1%80%d0%b5%d0%b2%d0%be%d0%b7%d0%ba%d0%b0-%d1%86%d0%b5%d0%bd%d0%bd%d0%be%d1%81%d1%82%d0%b5%d0%b9\/#breadcrumb","itemListElement":[{"@type":"ListItem","position":1,"name":"Accueil","item":"https:\/\/monaco-securite.mc\/ru\/"},{"@type":"ListItem","position":2,"name":"\u0417\u0410\u0429\u0418\u0422\u0410","item":"https:\/\/monaco-securite.mc\/ru\/%d0%be%d1%85%d1%80%d0%b0%d0%bd%d0%b0\/"},{"@type":"ListItem","position":3,"name":"\u041f\u0415\u0420\u0415\u0412\u041e\u0417\u041a\u0410 \u0426\u0415\u041d\u041d\u041e\u0421\u0422\u0415\u0419"}]},{"@type":"WebSite","@id":"https:\/\/monaco-securite.mc\/#website","url":"https:\/\/monaco-securite.mc\/","name":"Monaco S\u00e9curit\u00e9 Priv\u00e9e","description":"Votre s\u00e9curit\u00e9, notre priorit\u00e9","potentialAction":[{"@type":"SearchAction","target":{"@type":"EntryPoint","urlTemplate":"https:\/\/monaco-securite.mc\/?s={search_term_string}"},"query-input":{"@type":"PropertyValueSpecification","valueRequired":true,"valueName":"search_term_string"}}],"inLanguage":"ru-RU"}]}},"_links":{"self":[{"href":"https:\/\/monaco-securite.mc\/ru\/wp-json\/wp\/v2\/pages\/1453","targetHints":{"allow":["GET"]}}],"collection":[{"href":"https:\/\/monaco-securite.mc\/ru\/wp-json\/wp\/v2\/pages"}],"about":[{"href":"https:\/\/monaco-securite.mc\/ru\/wp-json\/wp\/v2\/types\/page"}],"author":[{"embeddable":true,"href":"https:\/\/monaco-securite.mc\/ru\/wp-json\/wp\/v2\/users\/1"}],"replies":[{"embeddable":true,"href":"https:\/\/monaco-securite.mc\/ru\/wp-json\/wp\/v2\/comments?post=1453"}],"version-history":[{"count":4,"href":"https:\/\/monaco-securite.mc\/ru\/wp-json\/wp\/v2\/pages\/1453\/revisions"}],"predecessor-version":[{"id":5812,"href":"https:\/\/monaco-securite.mc\/ru\/wp-json\/wp\/v2\/pages\/1453\/revisions\/5812"}],"up":[{"embeddable":true,"href":"https:\/\/monaco-securite.mc\/ru\/wp-json\/wp\/v2\/pages\/1443"}],"wp:attachment":[{"href":"https:\/\/monaco-securite.mc\/ru\/wp-json\/wp\/v2\/media?parent=1453"}],"curies":[{"name":"wp","href":"https:\/\/api.w.org\/{rel}","templated":true}]}}