{"id":1464,"date":"2019-03-07T14:13:56","date_gmt":"2019-03-07T13:13:56","guid":{"rendered":"https:\/\/monaco-securite.mc\/surveillance\/installations-alarme-video\/"},"modified":"2023-11-08T17:07:52","modified_gmt":"2023-11-08T16:07:52","slug":"installations-alarme-video","status":"publish","type":"page","link":"https:\/\/monaco-securite.mc\/ru\/%d0%bd%d0%b0%d0%b1%d0%bb%d1%8e%d0%b4%d0%b5%d0%bd%d0%b8%d0%b5\/installations-alarme-video\/","title":{"rendered":"\u0423\u0421\u0422\u0410\u041d\u041e\u0412\u041a\u0418 \u0421\u0418\u0413\u041d\u0410\u041b\u0418\u0417\u0410\u0426\u0418\u0418\/\u0412\u0418\u0414\u0415\u041e\u041d\u0410\u0411\u041b\u042e\u0414\u0415\u041d\u0418\u042f"},"content":{"rendered":"","protected":false},"excerpt":{"rendered":"","protected":false},"author":1,"featured_media":0,"parent":1461,"menu_order":0,"comment_status":"closed","ping_status":"closed","template":"","meta":{"_acf_changed":false,"footnotes":""},"class_list":["post-1464","page","type-page","status-publish","hentry"],"acf":[],"yoast_head":"<!-- This site is optimized with the Yoast SEO plugin v27.2 - https:\/\/yoast.com\/product\/yoast-seo-wordpress\/ -->\n<title>\u0423\u0421\u0422\u0410\u041d\u041e\u0412\u041a\u0418 \u0421\u0418\u0413\u041d\u0410\u041b\u0418\u0417\u0410\u0426\u0418\u0418\/\u0412\u0418\u0414\u0415\u041e\u041d\u0410\u0411\u041b\u042e\u0414\u0415\u041d\u0418\u042f - Monaco S\u00e9curit\u00e9 Priv\u00e9e<\/title>\n<meta name=\"robots\" content=\"index, follow, max-snippet:-1, max-image-preview:large, max-video-preview:-1\" \/>\n<link rel=\"canonical\" href=\"https:\/\/monaco-securite.mc\/ru\/\u043d\u0430\u0431\u043b\u044e\u0434\u0435\u043d\u0438\u0435\/installations-alarme-video\/\" \/>\n<meta property=\"og:locale\" content=\"ru_RU\" \/>\n<meta property=\"og:type\" content=\"article\" \/>\n<meta property=\"og:title\" content=\"\u0423\u0421\u0422\u0410\u041d\u041e\u0412\u041a\u0418 \u0421\u0418\u0413\u041d\u0410\u041b\u0418\u0417\u0410\u0426\u0418\u0418\/\u0412\u0418\u0414\u0415\u041e\u041d\u0410\u0411\u041b\u042e\u0414\u0415\u041d\u0418\u042f - Monaco S\u00e9curit\u00e9 Priv\u00e9e\" \/>\n<meta property=\"og:url\" content=\"https:\/\/monaco-securite.mc\/ru\/\u043d\u0430\u0431\u043b\u044e\u0434\u0435\u043d\u0438\u0435\/installations-alarme-video\/\" \/>\n<meta property=\"og:site_name\" content=\"Monaco S\u00e9curit\u00e9 Priv\u00e9e\" \/>\n<meta property=\"article:modified_time\" content=\"2023-11-08T16:07:52+00:00\" \/>\n<meta name=\"twitter:card\" content=\"summary_large_image\" \/>\n<script type=\"application\/ld+json\" class=\"yoast-schema-graph\">{\"@context\":\"https:\/\/schema.org\",\"@graph\":[{\"@type\":\"WebPage\",\"@id\":\"https:\/\/monaco-securite.mc\/ru\/%d0%bd%d0%b0%d0%b1%d0%bb%d1%8e%d0%b4%d0%b5%d0%bd%d0%b8%d0%b5\/installations-alarme-video\/\",\"url\":\"https:\/\/monaco-securite.mc\/ru\/%d0%bd%d0%b0%d0%b1%d0%bb%d1%8e%d0%b4%d0%b5%d0%bd%d0%b8%d0%b5\/installations-alarme-video\/\",\"name\":\"\u0423\u0421\u0422\u0410\u041d\u041e\u0412\u041a\u0418 \u0421\u0418\u0413\u041d\u0410\u041b\u0418\u0417\u0410\u0426\u0418\u0418\/\u0412\u0418\u0414\u0415\u041e\u041d\u0410\u0411\u041b\u042e\u0414\u0415\u041d\u0418\u042f - Monaco S\u00e9curit\u00e9 Priv\u00e9e\",\"isPartOf\":{\"@id\":\"https:\/\/monaco-securite.mc\/#website\"},\"datePublished\":\"2019-03-07T13:13:56+00:00\",\"dateModified\":\"2023-11-08T16:07:52+00:00\",\"breadcrumb\":{\"@id\":\"https:\/\/monaco-securite.mc\/ru\/%d0%bd%d0%b0%d0%b1%d0%bb%d1%8e%d0%b4%d0%b5%d0%bd%d0%b8%d0%b5\/installations-alarme-video\/#breadcrumb\"},\"inLanguage\":\"ru-RU\",\"potentialAction\":[{\"@type\":\"ReadAction\",\"target\":[\"https:\/\/monaco-securite.mc\/ru\/%d0%bd%d0%b0%d0%b1%d0%bb%d1%8e%d0%b4%d0%b5%d0%bd%d0%b8%d0%b5\/installations-alarme-video\/\"]}]},{\"@type\":\"BreadcrumbList\",\"@id\":\"https:\/\/monaco-securite.mc\/ru\/%d0%bd%d0%b0%d0%b1%d0%bb%d1%8e%d0%b4%d0%b5%d0%bd%d0%b8%d0%b5\/installations-alarme-video\/#breadcrumb\",\"itemListElement\":[{\"@type\":\"ListItem\",\"position\":1,\"name\":\"Accueil\",\"item\":\"https:\/\/monaco-securite.mc\/ru\/\"},{\"@type\":\"ListItem\",\"position\":2,\"name\":\"\u0422\u0415\u0425\u041d\u0418\u0427\u0415\u0421\u041a\u0410\u042f \u041f\u041e\u0414\u0414\u0415\u0420\u0416\u041a\u0410\",\"item\":\"https:\/\/monaco-securite.mc\/ru\/%d0%bd%d0%b0%d0%b1%d0%bb%d1%8e%d0%b4%d0%b5%d0%bd%d0%b8%d0%b5\/\"},{\"@type\":\"ListItem\",\"position\":3,\"name\":\"\u0423\u0421\u0422\u0410\u041d\u041e\u0412\u041a\u0418 \u0421\u0418\u0413\u041d\u0410\u041b\u0418\u0417\u0410\u0426\u0418\u0418\/\u0412\u0418\u0414\u0415\u041e\u041d\u0410\u0411\u041b\u042e\u0414\u0415\u041d\u0418\u042f\"}]},{\"@type\":\"WebSite\",\"@id\":\"https:\/\/monaco-securite.mc\/#website\",\"url\":\"https:\/\/monaco-securite.mc\/\",\"name\":\"Monaco S\u00e9curit\u00e9 Priv\u00e9e\",\"description\":\"Votre s\u00e9curit\u00e9, notre priorit\u00e9\",\"potentialAction\":[{\"@type\":\"SearchAction\",\"target\":{\"@type\":\"EntryPoint\",\"urlTemplate\":\"https:\/\/monaco-securite.mc\/?s={search_term_string}\"},\"query-input\":{\"@type\":\"PropertyValueSpecification\",\"valueRequired\":true,\"valueName\":\"search_term_string\"}}],\"inLanguage\":\"ru-RU\"}]}<\/script>\n<!-- \/ Yoast SEO plugin. -->","yoast_head_json":{"title":"\u0423\u0421\u0422\u0410\u041d\u041e\u0412\u041a\u0418 \u0421\u0418\u0413\u041d\u0410\u041b\u0418\u0417\u0410\u0426\u0418\u0418\/\u0412\u0418\u0414\u0415\u041e\u041d\u0410\u0411\u041b\u042e\u0414\u0415\u041d\u0418\u042f - Monaco S\u00e9curit\u00e9 Priv\u00e9e","robots":{"index":"index","follow":"follow","max-snippet":"max-snippet:-1","max-image-preview":"max-image-preview:large","max-video-preview":"max-video-preview:-1"},"canonical":"https:\/\/monaco-securite.mc\/ru\/\u043d\u0430\u0431\u043b\u044e\u0434\u0435\u043d\u0438\u0435\/installations-alarme-video\/","og_locale":"ru_RU","og_type":"article","og_title":"\u0423\u0421\u0422\u0410\u041d\u041e\u0412\u041a\u0418 \u0421\u0418\u0413\u041d\u0410\u041b\u0418\u0417\u0410\u0426\u0418\u0418\/\u0412\u0418\u0414\u0415\u041e\u041d\u0410\u0411\u041b\u042e\u0414\u0415\u041d\u0418\u042f - Monaco S\u00e9curit\u00e9 Priv\u00e9e","og_url":"https:\/\/monaco-securite.mc\/ru\/\u043d\u0430\u0431\u043b\u044e\u0434\u0435\u043d\u0438\u0435\/installations-alarme-video\/","og_site_name":"Monaco S\u00e9curit\u00e9 Priv\u00e9e","article_modified_time":"2023-11-08T16:07:52+00:00","twitter_card":"summary_large_image","schema":{"@context":"https:\/\/schema.org","@graph":[{"@type":"WebPage","@id":"https:\/\/monaco-securite.mc\/ru\/%d0%bd%d0%b0%d0%b1%d0%bb%d1%8e%d0%b4%d0%b5%d0%bd%d0%b8%d0%b5\/installations-alarme-video\/","url":"https:\/\/monaco-securite.mc\/ru\/%d0%bd%d0%b0%d0%b1%d0%bb%d1%8e%d0%b4%d0%b5%d0%bd%d0%b8%d0%b5\/installations-alarme-video\/","name":"\u0423\u0421\u0422\u0410\u041d\u041e\u0412\u041a\u0418 \u0421\u0418\u0413\u041d\u0410\u041b\u0418\u0417\u0410\u0426\u0418\u0418\/\u0412\u0418\u0414\u0415\u041e\u041d\u0410\u0411\u041b\u042e\u0414\u0415\u041d\u0418\u042f - Monaco S\u00e9curit\u00e9 Priv\u00e9e","isPartOf":{"@id":"https:\/\/monaco-securite.mc\/#website"},"datePublished":"2019-03-07T13:13:56+00:00","dateModified":"2023-11-08T16:07:52+00:00","breadcrumb":{"@id":"https:\/\/monaco-securite.mc\/ru\/%d0%bd%d0%b0%d0%b1%d0%bb%d1%8e%d0%b4%d0%b5%d0%bd%d0%b8%d0%b5\/installations-alarme-video\/#breadcrumb"},"inLanguage":"ru-RU","potentialAction":[{"@type":"ReadAction","target":["https:\/\/monaco-securite.mc\/ru\/%d0%bd%d0%b0%d0%b1%d0%bb%d1%8e%d0%b4%d0%b5%d0%bd%d0%b8%d0%b5\/installations-alarme-video\/"]}]},{"@type":"BreadcrumbList","@id":"https:\/\/monaco-securite.mc\/ru\/%d0%bd%d0%b0%d0%b1%d0%bb%d1%8e%d0%b4%d0%b5%d0%bd%d0%b8%d0%b5\/installations-alarme-video\/#breadcrumb","itemListElement":[{"@type":"ListItem","position":1,"name":"Accueil","item":"https:\/\/monaco-securite.mc\/ru\/"},{"@type":"ListItem","position":2,"name":"\u0422\u0415\u0425\u041d\u0418\u0427\u0415\u0421\u041a\u0410\u042f \u041f\u041e\u0414\u0414\u0415\u0420\u0416\u041a\u0410","item":"https:\/\/monaco-securite.mc\/ru\/%d0%bd%d0%b0%d0%b1%d0%bb%d1%8e%d0%b4%d0%b5%d0%bd%d0%b8%d0%b5\/"},{"@type":"ListItem","position":3,"name":"\u0423\u0421\u0422\u0410\u041d\u041e\u0412\u041a\u0418 \u0421\u0418\u0413\u041d\u0410\u041b\u0418\u0417\u0410\u0426\u0418\u0418\/\u0412\u0418\u0414\u0415\u041e\u041d\u0410\u0411\u041b\u042e\u0414\u0415\u041d\u0418\u042f"}]},{"@type":"WebSite","@id":"https:\/\/monaco-securite.mc\/#website","url":"https:\/\/monaco-securite.mc\/","name":"Monaco S\u00e9curit\u00e9 Priv\u00e9e","description":"Votre s\u00e9curit\u00e9, notre priorit\u00e9","potentialAction":[{"@type":"SearchAction","target":{"@type":"EntryPoint","urlTemplate":"https:\/\/monaco-securite.mc\/?s={search_term_string}"},"query-input":{"@type":"PropertyValueSpecification","valueRequired":true,"valueName":"search_term_string"}}],"inLanguage":"ru-RU"}]}},"_links":{"self":[{"href":"https:\/\/monaco-securite.mc\/ru\/wp-json\/wp\/v2\/pages\/1464","targetHints":{"allow":["GET"]}}],"collection":[{"href":"https:\/\/monaco-securite.mc\/ru\/wp-json\/wp\/v2\/pages"}],"about":[{"href":"https:\/\/monaco-securite.mc\/ru\/wp-json\/wp\/v2\/types\/page"}],"author":[{"embeddable":true,"href":"https:\/\/monaco-securite.mc\/ru\/wp-json\/wp\/v2\/users\/1"}],"replies":[{"embeddable":true,"href":"https:\/\/monaco-securite.mc\/ru\/wp-json\/wp\/v2\/comments?post=1464"}],"version-history":[{"count":4,"href":"https:\/\/monaco-securite.mc\/ru\/wp-json\/wp\/v2\/pages\/1464\/revisions"}],"predecessor-version":[{"id":5814,"href":"https:\/\/monaco-securite.mc\/ru\/wp-json\/wp\/v2\/pages\/1464\/revisions\/5814"}],"up":[{"embeddable":true,"href":"https:\/\/monaco-securite.mc\/ru\/wp-json\/wp\/v2\/pages\/1461"}],"wp:attachment":[{"href":"https:\/\/monaco-securite.mc\/ru\/wp-json\/wp\/v2\/media?parent=1464"}],"curies":[{"name":"wp","href":"https:\/\/api.w.org\/{rel}","templated":true}]}}